{"id":1421,"date":"2021-07-02T08:31:41","date_gmt":"2021-07-02T05:31:41","guid":{"rendered":"http:\/\/designalonen.fi\/pykalistos-cultural-oasis\/"},"modified":"2023-03-06T14:34:11","modified_gmt":"2023-03-06T12:34:11","slug":"pykalistos-cultural-oasis","status":"publish","type":"page","link":"https:\/\/www.designalonen.fi\/en\/pykalistos-cultural-oasis\/","title":{"rendered":"Pyk\u00e4list\u00f6&#8217;s cultural oasis"},"content":{"rendered":"<div class=\"wpb-content-wrapper\"><p>[vc_row full_width=&#8221;stretch_row_content_no_spaces&#8221;][vc_column width=&#8221;1\/2&#8243; offset=&#8221;vc_hidden-xs&#8221;][vc_column_text css=&#8221;.vc_custom_1555067286346{margin-top: 50px !important;margin-right: 80px !important;margin-bottom: 50px !important;margin-left: 80px !important;}&#8221;]<\/p>\n<h1>Pyk\u00e4list\u00f6 is a cultural oasis of light and contemporary art<\/h1>\n<p>The Pyk\u00e4list\u00f6 area has been built for two decades. The area was originally VR&#8217;s guard room area, which was harnessed for new use in 1898. The area had an old railway guard&#8217;s guard room, an outbuilding and a ground cellar. The original buildings were made according to the type drawings of architect Bruno Granholm, as are many other buildings on the Haapam\u00e4ki-Jyv\u00e4skyl\u00e4-Suolahti railway.<\/p>\n<p>Indeed, the badly dilapidated buildings required a lot of work, and restoration work began in the spring of 1999. The restoration project was implemented in co-operation with the National Board of Antiquities and the City of Jyv\u00e4skyl\u00e4 Building Supervision Authority. The Pyk\u00e4list\u00f6 with its wooden buildings, which threatens national romance and Nikkar style, was revived with the restorations.<\/p>\n<p>The next steps in the area were to build a workspace that seamlessly adapted to the spirit of the place, and to acquire train carriages. There are four train carriages and they serve as exhibition spaces. The place has been purposefully developed from year to year, and the work done in front of the place has given the place a very unique spirit. It is hard to believe that you are a ten-minute drive from the center of Jyv\u00e4skyl\u00e4. The pictures speak for themselves, but the spirit has to be experienced on the spot.[\/vc_column_text][\/vc_column][vc_column width=&#8221;1\/2&#8243; offset=&#8221;vc_hidden-xs&#8221;][vc_empty_space height=&#8221;600px&#8221; css=&#8221;.vc_custom_1548848420874{background-image: url(https:\/\/designalonen.fi\/wp-content\/uploads\/2019\/01\/pykalisto_talvi.jpg?id=337) !important;background-position: center !important;background-repeat: no-repeat !important;background-size: cover !important;}&#8221;][\/vc_column][\/vc_row][vc_row full_width=&#8221;stretch_row_content_no_spaces&#8221;][vc_column width=&#8221;1\/2&#8243; offset=&#8221;vc_hidden-xs&#8221;][vc_media_grid element_width=&#8221;3&#8243; item=&#8221;1505&#8243; grid_id=&#8221;vc_gid:1678105858231-6f78545e-a58e-9&#8243; include=&#8221;1481,1483,1486,1488,1490,1492,1494,1496,1498,1500,1456,1790&#8243;][\/vc_column][vc_column width=&#8221;1\/2&#8243; offset=&#8221;vc_hidden-xs&#8221;][vc_column_text css=&#8221;.vc_custom_1551425308331{margin-top: 50px !important;margin-right: 80px !important;margin-bottom: 50px !important;margin-left: 80px !important;}&#8221;]The appeal of the poetry means not only the content and techniques of the works, but also the environment. Big experiences can be very simple and self-sustaining. For example, during a short visit to Central Finland, a French family chose to stay in the peace of Pyk\u00e4list\u00f6 and not go to Jyv\u00e4skyl\u00e4 at all.<\/p>\n<p>Artists are rarely found in galleries. When visiting the Pyk\u00e4list\u00f6 gallery, you can also meet the artist himself before getting acquainted with his work.[\/vc_column_text][vc_btn title=&#8221;Meeting and experience services&#8221; link=&#8221;url:https%3A%2F%2Fdesignalonen.fi%2Fen%2Fmeeting-and-experience-services%2F|title:Meeting%20and%20experience%20services&#8221; css=&#8221;.vc_custom_1629270663470{margin-right: 80px !important;margin-left: 80px !important;}&#8221;][\/vc_column][\/vc_row][vc_row full_width=&#8221;stretch_row_content_no_spaces&#8221;][vc_column offset=&#8221;vc_hidden-lg vc_hidden-md vc_hidden-sm&#8221;][vc_empty_space height=&#8221;400px&#8221; css=&#8221;.vc_custom_1678106030905{background-image: url(https:\/\/designalonen.fi\/wp-content\/uploads\/2019\/01\/pykalisto_talvi.jpg?id=337) !important;background-position: center !important;background-repeat: no-repeat !important;background-size: cover !important;}&#8221;][vc_column_text css=&#8221;.vc_custom_1551862393141{margin: 20px !important;}&#8221;]<\/p>\n<h1>Pyk\u00e4list\u00f6&#8217;s cultural oasis of light and contemporary art<\/h1>\n<p>The Pyk\u00e4list\u00f6 area has been built for two decades. The area was originally VR&#8217;s guard room area, which was harnessed for new use in 1898. The area had an old railway guard&#8217;s guard room, an outbuilding and a ground cellar. The original buildings were made according to the type drawings of architect Bruno Granholm, as are many other buildings on the Haapam\u00e4ki-Jyv\u00e4skyl\u00e4-Suolahti railway.<\/p>\n<p>Indeed, the badly dilapidated buildings required a lot of work, and restoration work began in the spring of 1999. The restoration project was implemented in co-operation with the National Board of Antiquities and the City of Jyv\u00e4skyl\u00e4 Building Supervision Authority. The Pyk\u00e4list\u00f6 with its wooden buildings, which threatens national romance and Nikkar style, was revived with the restorations.<\/p>\n<p>The next steps in the area were to build a workspace that seamlessly adapted to the spirit of the place, and to acquire train carriages. There are four train carriages and they serve as exhibition spaces. The place has been purposefully developed from year to year, and the work done in front of the place has given the place a very unique spirit. It is hard to believe that you are a ten-minute drive from the center of Jyv\u00e4skyl\u00e4. The pictures speak for themselves, but the spirit has to be experienced on the spot.[\/vc_column_text][vc_column_text css=&#8221;.vc_custom_1678105965484{margin-top: 20px !important;margin-right: 20px !important;margin-bottom: 20px !important;margin-left: 20px !important;}&#8221;]The appeal of the poetry means not only the content and techniques of the works, but also the environment. Big experiences can be very simple and self-sustaining. For example, during a short visit to Central Finland, a French family chose to stay in the peace of Pyk\u00e4list\u00f6 and not go to Jyv\u00e4skyl\u00e4 at all.<\/p>\n<p>Artists are rarely found in galleries. When visiting the Pyk\u00e4list\u00f6 gallery, you can also meet the artist himself before getting acquainted with his work.[\/vc_column_text][vc_btn title=&#8221;Meeting and experience services&#8221; link=&#8221;url:https%3A%2F%2Fdesignalonen.fi%2Fen%2Fmeeting-and-experience-services%2F|title:Meeting%20and%20experience%20services&#8221; css=&#8221;.vc_custom_1678105973213{margin-right: 20px !important;margin-bottom: 20px !important;margin-left: 20px !important;}&#8221;][vc_media_grid element_width=&#8221;3&#8243; item=&#8221;1505&#8243; grid_id=&#8221;vc_gid:1678105950359-b5fa83f5-737f-6&#8243; include=&#8221;1481,1483,1486,1488,1490,1492,1494,1496,1498,1500,1456,1790&#8243;][\/vc_column][\/vc_row]<\/p>\n<\/div>","protected":false},"excerpt":{"rendered":"<p>[vc_row full_width=&#8221;stretch_row_content_no_spaces&#8221;][vc_column width=&#8221;1\/2&#8243; offset=&#8221;vc_hidden-xs&#8221;][vc_column_text css=&#8221;.vc_custom_1555067286346{margin-top: 50px !important;margin-right: 80px !important;margin-bottom: 50px !important;margin-left: 80px !important;}&#8221;] Pyk\u00e4list\u00f6 is a cultural oasis of light and contemporary art The Pyk\u00e4list\u00f6&hellip;<\/p>\n","protected":false},"author":2,"featured_media":0,"parent":0,"menu_order":0,"comment_status":"closed","ping_status":"closed","template":"","meta":{"footnotes":""},"class_list":["post-1421","page","type-page","status-publish","hentry"],"_links":{"self":[{"href":"https:\/\/www.designalonen.fi\/en\/wp-json\/wp\/v2\/pages\/1421","targetHints":{"allow":["GET"]}}],"collection":[{"href":"https:\/\/www.designalonen.fi\/en\/wp-json\/wp\/v2\/pages"}],"about":[{"href":"https:\/\/www.designalonen.fi\/en\/wp-json\/wp\/v2\/types\/page"}],"author":[{"embeddable":true,"href":"https:\/\/www.designalonen.fi\/en\/wp-json\/wp\/v2\/users\/2"}],"replies":[{"embeddable":true,"href":"https:\/\/www.designalonen.fi\/en\/wp-json\/wp\/v2\/comments?post=1421"}],"version-history":[{"count":0,"href":"https:\/\/www.designalonen.fi\/en\/wp-json\/wp\/v2\/pages\/1421\/revisions"}],"wp:attachment":[{"href":"https:\/\/www.designalonen.fi\/en\/wp-json\/wp\/v2\/media?parent=1421"}],"curies":[{"name":"wp","href":"https:\/\/api.w.org\/{rel}","templated":true}]}}