{"id":1114,"date":"2021-06-29T12:54:51","date_gmt":"2021-06-29T09:54:51","guid":{"rendered":"http:\/\/designalonen.fi\/cv-samuli-alonen\/"},"modified":"2023-04-20T10:16:58","modified_gmt":"2023-04-20T07:16:58","slug":"cv-samuli-alonen","status":"publish","type":"page","link":"https:\/\/www.designalonen.fi\/en\/cv-samuli-alonen\/","title":{"rendered":"CV Samuli Alonen"},"content":{"rendered":"<div class=\"wpb-content-wrapper\"><p>[vc_row][vc_column width=&#8221;1\/2&#8243;][vc_column_text]<\/p>\n<h1>CV SAMULI ALONEN (b.1977)<\/h1>\n<p>Design Alonen Oy<\/p>\n<p>Laukaantie 30<br \/>\n40320 Jyv\u00e4skyl\u00e4<\/p>\n<p>0400 121 420<\/p>\n<p><a href=\"mailto:samuli.alonen@designalonen.fi\"><strong>samuli.alonen@designalonen.fi<\/strong><\/a><\/p>\n<p><a href=\"https:\/\/designalonen.fi\/en\/\">www.designalonen.fi<\/a>[\/vc_column_text][vc_btn title=&#8221;Download CV as a PDF document&#8221; link=&#8221;url:https%3A%2F%2Fwww.designalonen.fi%2Fwp-content%2Fuploads%2F2023%2F03%2FCV-SAMULI-ALONEN-2023.pdf&#8221;][\/vc_column][vc_column width=&#8221;1\/2&#8243;][vc_single_image image=&#8221;70&#8243; img_size=&#8221;500x500px&#8221;][\/vc_column][\/vc_row][vc_row][vc_column width=&#8221;1\/2&#8243;][vc_column_text]<\/p>\n<h2>Scholarships and awards:<\/h2>\n<p>Taike 2021<\/p>\n<p>Taike 2020<\/p>\n<p>Von Wright National Innovation Award for Creativity 2018<\/p>\n<p>In the finals of the S-art competition 2017 with the work \u201cNight Butterfly\u201d<\/p>\n<p>Art Promotion Center, target grant 2014<\/p>\n<p>Independence Day reception of the President 2013<\/p>\n<p>Art Prize for the work \u201cCitybird\u201d 2013<\/p>\n<p>Victory of the Billn\u00e4s Young Artists Contemporary Art Competition 2012<\/p>\n<p>The most touching sculpture of the year exhibition won the public vote for the \u201cCitybird\u201d sculptures in 2011<\/p>\n<p>Jyv\u00e4skyl\u00e4 Artists&#8217; Association, Thank you for fine art award 2008<\/p>\n<p>&nbsp;<\/p>\n<h2>Training:<\/h2>\n<p>Kuopio Academy of Design, 1997-2000<\/p>\n<p>Central Finland School of Arts and Crafts, 1994-1996<\/p>\n<p>Television programs: Made of stone YLE, Home Turning Circle YLE, K-backpack City deer host. TV1. Mon 6.10.2008, Pietari TV, Documentary Samuli Alonen \/ Stories Recorded on MTV 3, 2013.<\/p>\n<p>&nbsp;<\/p>\n<h2>Positions of trust \/ memberships:<\/h2>\n<p>Finnish Association of Sculptors<\/p>\n<p>Ornamo \/ Art Department<\/p>\n<p>Jyv\u00e4skyl\u00e4 Artists&#8217; Association<\/p>\n<p>Materia ry<\/p>\n<p>Artists O<\/p>\n<p>Central Finland Handicraft and Small Industry Association (chairman since 2017)[\/vc_column_text][vc_column_text]<\/p>\n<h2>Works in private and corporate collections:<\/h2>\n<p>The city of Jyv\u00e4skyl\u00e4<\/p>\n<p>The city of Vantaa<\/p>\n<p>The city of Kotka<\/p>\n<p>Tampere<\/p>\n<p>Keskisuomalainen Oyj<\/p>\n<p>Osuuspankki<\/p>\n<p>China, Shanghai city<\/p>\n<p>Metal Alliance<\/p>\n<p>Outokumpu Oyj<\/p>\n<p>SAK<\/p>\n<p>Senate Properties<\/p>\n<p>SOK<\/p>\n<p>Finnish Stone Museum<\/p>\n<p>Finnish Handicraft Museum<\/p>\n<p>Vapo plc<\/p>\n<p>YIT Corporation<\/p>\n<p>Skanska<\/p>\n<p>Faba[\/vc_column_text][\/vc_column][vc_column width=&#8221;1\/2&#8243;][vc_column_text]<\/p>\n<h2>Public sculptures:<\/h2>\n<p>Living Legend Award Sculpture, Society Magazine, 2015-2022<\/p>\n<p>Finnish Growth Award Valmet Automotive \/ Mercedes-Benz Uusikaupunki, 2017<\/p>\n<p>Neste Oil Rally World Championship Award Sculpture, AKK Motorsport 2017<\/p>\n<p>ALVARI recognition, City of Jyv\u00e4skyl\u00e4 and Youth Chamber of Commerce<\/p>\n<p>The city of Jyv\u00e4skyl\u00e4<\/p>\n<p>Konnevesi (Siikakoski)<\/p>\n<p>Laukaa parish<\/p>\n<p>Luhanga Parish<\/p>\n<p>Viitasaari, \u201cToritimantti\u201d<\/p>\n<p>City of \u00c4\u00e4nekoski, Hirvaskangas \u201cCityhivet\u201d<\/p>\n<p>City of Kotka Fuksinpuisto \u201cOn the Wings\u201d<\/p>\n<p>The city of Sein\u00e4joki[\/vc_column_text][vc_column_text]<\/p>\n<h2>Exhibitions:<\/h2>\n<p>Art Center Salmela M\u00e4ntyharju 2022<\/p>\n<p>Galleria Contempo 2022, Helsinki<\/p>\n<p>Sipoo, Gumbostrand Konst &amp; Form, 2021<\/p>\n<p>Lumo Light Festival, Oulu 2021<\/p>\n<p>City of Light Jyv\u00e4skyl\u00e4 2021<\/p>\n<p>Visual Festival Botania, Joensuu 2020<\/p>\n<p>Galleria Contempo 2020, Helsinki<\/p>\n<p>Art Center Salmela\u2019s 30th anniversary exhibition, 2019<\/p>\n<p>Kolner Liste fair for contemporary art 2018, Cologne Germany<\/p>\n<p>Vuohij\u00e4rvi Nature and Cultural Center 2018, \u201cOur lakes Veijarit\u201d<\/p>\n<p>Galleria Contempo 2018, Helsinki<\/p>\n<p>Kolner Liste fair for contemporary art 2018, Cologne Germany<\/p>\n<p>Sipoo, Gumbostrand Konst &amp; Form, 2017<\/p>\n<p>\u201cAt the heart\u201d Outokumpu Mining Museum, Outokumpu 2017<\/p>\n<p>Affordable Art Fair Stockholm 2016<\/p>\n<p>Gumbostrand Konst &amp; Form gallery, Sipoo 2016<\/p>\n<p>Summer exhibition in Rantalinna, Ruokolahti, 2016<\/p>\n<p>S-Gallery Helsinki 2015<\/p>\n<p>Affordable Art Fair Stockholm 2015<\/p>\n<p>\u201cSummer Exhibition of Young Artists\u201d Galleria Uusitalo, Inkoo 2015<\/p>\n<p>Nordic Season exhibition in Lisbon at meetiNG art Gallery 2015<\/p>\n<p>Ornamo&#8217;s book sales 2015 Kaapelitehdas, Helsinki<\/p>\n<p>WORK 2015, Sculpture Association&#8217;s work sales Kaapelitehdas, Helsinki<\/p>\n<p>Solo exhibition gallery Contempo November 2014<\/p>\n<p>Sein\u00e4joki Destination Sein\u00e4joki Art Hall 2014, Sein\u00e4joki Art Hall Bothnia Biennale exhibition<\/p>\n<p>Gallery Uusitalo, The Idea of Flying From Nature, Inkoo 2014<\/p>\n<p>Maila Talvio-Salonki summer show Hartola 2014<\/p>\n<p>Center Gallery in Tampere, April 2014<\/p>\n<p>Helsinki, Art Helsinki Contemporary Art Fair Galleria Contempo 2013<\/p>\n<p>Sweden, Stockholm Gallery K15 Laitinen &amp; Co 2013<\/p>\n<p>Sipoo, Gumbostrand Konst &amp; Form Sipoo 2012 &#8211; 2014<\/p>\n<p>Habitare and Bukowskis rocking chairs, Helsinki 2012<\/p>\n<p>Billn\u00e4s Young Artists Summer Exhibition, 2012<\/p>\n<p>Interior Design Helena Karihtala Interior Design tsto \/ Gallery Uusitalo 2012<\/p>\n<p>First exhibition, Belgian Benelux Institute 2003 &#8211; and since then active work[\/vc_column_text][\/vc_column][\/vc_row]<\/p>\n<\/div>","protected":false},"excerpt":{"rendered":"<p>[vc_row][vc_column width=&#8221;1\/2&#8243;][vc_column_text] CV SAMULI ALONEN (b.1977) Design Alonen Oy Laukaantie 30 40320 Jyv\u00e4skyl\u00e4 0400 121 420 samuli.alonen@designalonen.fi www.designalonen.fi[\/vc_column_text][vc_btn title=&#8221;Download CV as a PDF document&#8221; link=&#8221;url:https%3A%2F%2Fwww.designalonen.fi%2Fwp-content%2Fuploads%2F2023%2F03%2FCV-SAMULI-ALONEN-2023.pdf&#8221;][\/vc_column][vc_column&hellip;<\/p>\n","protected":false},"author":2,"featured_media":0,"parent":0,"menu_order":0,"comment_status":"closed","ping_status":"closed","template":"","meta":{"footnotes":""},"class_list":["post-1114","page","type-page","status-publish","hentry"],"_links":{"self":[{"href":"https:\/\/www.designalonen.fi\/en\/wp-json\/wp\/v2\/pages\/1114","targetHints":{"allow":["GET"]}}],"collection":[{"href":"https:\/\/www.designalonen.fi\/en\/wp-json\/wp\/v2\/pages"}],"about":[{"href":"https:\/\/www.designalonen.fi\/en\/wp-json\/wp\/v2\/types\/page"}],"author":[{"embeddable":true,"href":"https:\/\/www.designalonen.fi\/en\/wp-json\/wp\/v2\/users\/2"}],"replies":[{"embeddable":true,"href":"https:\/\/www.designalonen.fi\/en\/wp-json\/wp\/v2\/comments?post=1114"}],"version-history":[{"count":0,"href":"https:\/\/www.designalonen.fi\/en\/wp-json\/wp\/v2\/pages\/1114\/revisions"}],"wp:attachment":[{"href":"https:\/\/www.designalonen.fi\/en\/wp-json\/wp\/v2\/media?parent=1114"}],"curies":[{"name":"wp","href":"https:\/\/api.w.org\/{rel}","templated":true}]}}